{"id":5854,"date":"2026-03-13T14:28:18","date_gmt":"2026-03-13T13:28:18","guid":{"rendered":"https:\/\/www.promoco.se\/?page_id=5854"},"modified":"2026-03-13T14:49:08","modified_gmt":"2026-03-13T13:49:08","slug":"in-house-production","status":"publish","type":"page","link":"https:\/\/www.promoco.se\/en\/in-house-production\/","title":{"rendered":"In-house production"},"content":{"rendered":"<p>[et_pb_section fb_built=&#8221;1&#8243; module_class=&#8221;gen-hero-sec gen-subpage-hero-sec gen-overlay&#8221; _builder_version=&#8221;3.1.1&#8243; background_image=&#8221;https:\/\/www.promoco.se\/wp-content\/uploads\/2026\/02\/egen-produktion-promoco.jpg&#8221; custom_padding=&#8221;0px||0px|&#8221;][et_pb_row module_class=&#8221;gen-subpage-hero-row&#8221; _builder_version=&#8221;3.2&#8243;][et_pb_column type=&#8221;4_4&#8243; _builder_version=&#8221;3.0.47&#8243; parallax=&#8221;off&#8221; parallax_method=&#8221;on&#8221;][et_pb_text admin_label=&#8221;Sidrubrik&#8221; module_class=&#8221;gen-subpage-hero-mod gen-white-text&#8221; _builder_version=&#8221;3.1.1&#8243;]<\/p>\n<h1>In-House Production in Bjurs\u00e5s<\/h1>\n<p>At our production facility in Bjurs\u00e5s, we combine sub-assembly, customization, and logistics to simplify your path to a finished product. By bringing together components, assembly, and warehousing in a single flow, we can shorten lead times, reduce tied-up capital, and create scalability as your needs change.<\/p>\n<p>[\/et_pb_text][\/et_pb_column][\/et_pb_row][\/et_pb_section][et_pb_section fb_built=&#8221;1&#8243; custom_padding_last_edited=&#8221;on|desktop&#8221; module_class=&#8221;gen-subpage-first-sec&#8221; _builder_version=&#8221;3.1.1&#8243; custom_padding=&#8221;108px|||&#8221; custom_padding_tablet=&#8221;70px|||&#8221; custom_padding_phone=&#8221;40px|||&#8221;][et_pb_row module_class_1=&#8221;gen-no-margin-bottom &#8221; module_class=&#8221;gen-narrow-row gen-services-blurbs-row&#8221; _builder_version=&#8221;3.1.1&#8243; background_size=&#8221;initial&#8221; background_position=&#8221;top_left&#8221; background_repeat=&#8221;repeat&#8221; custom_padding=&#8221;59px|0px|28px|0px&#8221; use_custom_width=&#8221;on&#8221;][et_pb_column type=&#8221;1_2&#8243; _builder_version=&#8221;3.0.47&#8243; parallax=&#8221;off&#8221; parallax_method=&#8221;on&#8221; module_class=&#8221;gen-no-margin-bottom &#8220;][et_pb_image src=&#8221;https:\/\/www.promoco.se\/wp-content\/uploads\/2026\/02\/promoco-produktion-webb2.jpg&#8221; _builder_version=&#8221;3.1.1&#8243;][\/et_pb_image][\/et_pb_column][et_pb_column type=&#8221;1_2&#8243; _builder_version=&#8221;3.0.47&#8243; parallax=&#8221;off&#8221; parallax_method=&#8221;on&#8221;][et_pb_text _builder_version=&#8221;3.1.1&#8243;]<\/p>\n<h2>Full or Partial Assembly \u2013 Ready to Integrate<\/h2>\n<p>We assemble and adapt components according to your requirements, whether it involves smaller series or ongoing production. With the option of final testing, the solution is delivered ready to be integrated directly into your product.<\/p>\n<p>[\/et_pb_text][\/et_pb_column][\/et_pb_row][et_pb_row module_class_1=&#8221;gen-no-margin-bottom &#8221; module_class=&#8221;gen-narrow-row gen-services-blurbs-row&#8221; _builder_version=&#8221;3.1.1&#8243; background_size=&#8221;initial&#8221; background_position=&#8221;top_left&#8221; background_repeat=&#8221;repeat&#8221; use_custom_width=&#8221;on&#8221;][et_pb_column type=&#8221;1_2&#8243; _builder_version=&#8221;3.0.47&#8243; parallax=&#8221;off&#8221; parallax_method=&#8221;on&#8221; module_class=&#8221;gen-no-margin-bottom &#8220;][et_pb_text _builder_version=&#8221;3.1.1&#8221;]<\/p>\n<h2>Flexible Production with Close Logistics<\/h2>\n<p>The production area is located directly adjacent to our warehouse, enabling fast handling and smooth deliveries. When changes are needed, we can act quickly \u2013 without long detours or unnecessary lead times.<\/p>\n<p>[\/et_pb_text][\/et_pb_column][et_pb_column type=&#8221;1_2&#8243; _builder_version=&#8221;3.0.47&#8243; parallax=&#8221;off&#8221; parallax_method=&#8221;on&#8221;][et_pb_image src=&#8221;https:\/\/www.promoco.se\/wp-content\/uploads\/2026\/02\/bjusas-lager-promoco.jpg&#8221; _builder_version=&#8221;3.1.1&#8243;][\/et_pb_image][\/et_pb_column][\/et_pb_row][\/et_pb_section][et_pb_section fb_built=&#8221;1&#8243; module_class=&#8221;gen-overlay&#8221; _builder_version=&#8221;3.5&#8243; background_image=&#8221;https:\/\/www.promoco.se\/wp-content\/uploads\/2026\/03\/Elmotor.jpg&#8221; custom_padding=&#8221;||2.3%|&#8221;][et_pb_row module_class_1=&#8221;gen-no-margin-bottom &#8221; module_class=&#8221;gen-narrow-row&#8221; _builder_version=&#8221;3.2&#8243; background_size=&#8221;initial&#8221; background_position=&#8221;top_left&#8221; background_repeat=&#8221;repeat&#8221;][et_pb_column type=&#8221;4_4&#8243; _builder_version=&#8221;3.0.47&#8243; parallax=&#8221;off&#8221; parallax_method=&#8221;on&#8221; module_class=&#8221;gen-no-margin-bottom &#8220;][et_pb_text admin_label=&#8221;03 Rubrik&#8221; module_class=&#8221;gen-cta-btn gen-white-btn gen-text-heading-mod gen-heading-thin gen-left-heading gen-btn-heading gen-white-heading gen-subpage-bottom-cta-heading&#8221; _builder_version=&#8221;3.1.1&#8243; text_orientation=&#8221;center&#8221;]<\/p>\n<h6>02<\/h6>\n<h5>Contact Us<\/h5>\n<h2>We would be happy to hear from you if you have any questions or thoughts<\/h2>\n<p><a href=\"https:\/\/www.promoco.se\/en\/contact\/\">Contact us<\/a><\/p>\n<p>[\/et_pb_text][\/et_pb_column][\/et_pb_row][\/et_pb_section]<\/p>\n","protected":false},"excerpt":{"rendered":"<p>[et_pb_section fb_built=&#8221;1&#8243; module_class=&#8221;gen-hero-sec gen-subpage-hero-sec gen-overlay&#8221; _builder_version=&#8221;3.1.1&#8243; background_image=&#8221;https:\/\/www.promoco.se\/wp-content\/uploads\/2026\/02\/egen-produktion-promoco.jpg&#8221; custom_padding=&#8221;0px||0px|&#8221;][et_pb_row module_class=&#8221;gen-subpage-hero-row&#8221; _builder_version=&#8221;3.2&#8243;][et_pb_column type=&#8221;4_4&#8243; _builder_version=&#8221;3.0.47&#8243; parallax=&#8221;off&#8221; parallax_method=&#8221;on&#8221;][et_pb_text admin_label=&#8221;Sidrubrik&#8221; module_class=&#8221;gen-subpage-hero-mod gen-white-text&#8221; _builder_version=&#8221;3.1.1&#8243;] In-House Production in Bjurs\u00e5s At our production facility in Bjurs\u00e5s, we combine sub-assembly, customization, and logistics to simplify your path to a finished product. By bringing together components, assembly, and warehousing in a single flow, we can<\/p>\n","protected":false},"author":2,"featured_media":0,"parent":0,"menu_order":40,"comment_status":"closed","ping_status":"closed","template":"","meta":[],"yoast_head":"<!-- This site is optimized with the Yoast SEO Premium plugin v15.1.2 - https:\/\/yoast.com\/wordpress\/plugins\/seo\/ -->\n<title>In-house production | Promoco Scandinavia AB<\/title>\n<meta name=\"description\" content=\"H\u00e4r hittar du allt om v\u00e5ra tj\u00e4nster och hur vi kan hj\u00e4lpa er med dels logisitik, lager och planering. Men ocks\u00e5 produktion och utveckling.\" \/>\n<meta name=\"robots\" content=\"index, follow, max-snippet:-1, max-image-preview:large, max-video-preview:-1\" \/>\n<link rel=\"canonical\" href=\"https:\/\/www.promoco.se\/en\/in-house-production\/\" \/>\n<meta property=\"og:locale\" content=\"en_US\" \/>\n<meta property=\"og:type\" content=\"article\" \/>\n<meta property=\"og:title\" content=\"In-house production | Promoco Scandinavia AB\" \/>\n<meta property=\"og:description\" content=\"H\u00e4r hittar du allt om v\u00e5ra tj\u00e4nster och hur vi kan hj\u00e4lpa er med dels logisitik, lager och planering. Men ocks\u00e5 produktion och utveckling.\" \/>\n<meta property=\"og:url\" content=\"https:\/\/www.promoco.se\/en\/in-house-production\/\" \/>\n<meta property=\"og:site_name\" content=\"Promoco\" \/>\n<meta property=\"article:publisher\" content=\"https:\/\/www.facebook.com\/Promoco-Scandinavia-AB-237014483048825\/\" \/>\n<meta property=\"article:modified_time\" content=\"2026-03-13T13:49:08+00:00\" \/>\n<meta property=\"og:image\" content=\"https:\/\/www.promoco.se\/wp-content\/uploads\/2026\/03\/Elmotor-1.jpg\" \/>\n\t<meta property=\"og:image:width\" content=\"1920\" \/>\n\t<meta property=\"og:image:height\" content=\"1080\" \/>\n<script type=\"application\/ld+json\" class=\"yoast-schema-graph\">{\"@context\":\"https:\/\/schema.org\",\"@graph\":[{\"@type\":\"Organization\",\"@id\":\"https:\/\/www.promoco.se\/en\/#organization\",\"name\":\"Promoco Scandinavia AB\",\"url\":\"https:\/\/www.promoco.se\/en\/\",\"sameAs\":[\"https:\/\/www.facebook.com\/Promoco-Scandinavia-AB-237014483048825\/\",\"https:\/\/www.instagram.com\/promocoscandinavia\/\",\"https:\/\/www.linkedin.com\/company\/promoco-scandinavia-ab\/\",\"https:\/\/twitter.com\/promocose\"],\"logo\":{\"@type\":\"ImageObject\",\"@id\":\"https:\/\/www.promoco.se\/en\/#logo\",\"inLanguage\":\"en-US\",\"url\":\"https:\/\/www.promoco.se\/wp-content\/uploads\/2018\/10\/promoco_logo.jpg\",\"width\":600,\"height\":124,\"caption\":\"Promoco Scandinavia AB\"},\"image\":{\"@id\":\"https:\/\/www.promoco.se\/en\/#logo\"}},{\"@type\":\"WebSite\",\"@id\":\"https:\/\/www.promoco.se\/en\/#website\",\"url\":\"https:\/\/www.promoco.se\/en\/\",\"name\":\"Promoco\",\"description\":\"\",\"publisher\":{\"@id\":\"https:\/\/www.promoco.se\/en\/#organization\"},\"potentialAction\":[{\"@type\":\"SearchAction\",\"target\":\"https:\/\/www.promoco.se\/en\/?s={search_term_string}\",\"query-input\":\"required name=search_term_string\"}],\"inLanguage\":\"en-US\"},{\"@type\":\"WebPage\",\"@id\":\"https:\/\/www.promoco.se\/en\/in-house-production\/#webpage\",\"url\":\"https:\/\/www.promoco.se\/en\/in-house-production\/\",\"name\":\"In-house production | Promoco Scandinavia AB\",\"isPartOf\":{\"@id\":\"https:\/\/www.promoco.se\/en\/#website\"},\"datePublished\":\"2026-03-13T13:28:18+00:00\",\"dateModified\":\"2026-03-13T13:49:08+00:00\",\"description\":\"H\\u00e4r hittar du allt om v\\u00e5ra tj\\u00e4nster och hur vi kan hj\\u00e4lpa er med dels logisitik, lager och planering. Men ocks\\u00e5 produktion och utveckling.\",\"inLanguage\":\"en-US\",\"potentialAction\":[{\"@type\":\"ReadAction\",\"target\":[\"https:\/\/www.promoco.se\/en\/in-house-production\/\"]}]}]}<\/script>\n<!-- \/ Yoast SEO Premium plugin. -->","_links":{"self":[{"href":"https:\/\/www.promoco.se\/en\/wp-json\/wp\/v2\/pages\/5854"}],"collection":[{"href":"https:\/\/www.promoco.se\/en\/wp-json\/wp\/v2\/pages"}],"about":[{"href":"https:\/\/www.promoco.se\/en\/wp-json\/wp\/v2\/types\/page"}],"author":[{"embeddable":true,"href":"https:\/\/www.promoco.se\/en\/wp-json\/wp\/v2\/users\/2"}],"replies":[{"embeddable":true,"href":"https:\/\/www.promoco.se\/en\/wp-json\/wp\/v2\/comments?post=5854"}],"version-history":[{"count":3,"href":"https:\/\/www.promoco.se\/en\/wp-json\/wp\/v2\/pages\/5854\/revisions"}],"predecessor-version":[{"id":6014,"href":"https:\/\/www.promoco.se\/en\/wp-json\/wp\/v2\/pages\/5854\/revisions\/6014"}],"wp:attachment":[{"href":"https:\/\/www.promoco.se\/en\/wp-json\/wp\/v2\/media?parent=5854"}],"curies":[{"name":"wp","href":"https:\/\/api.w.org\/{rel}","templated":true}]}}