{"id":1865,"date":"2018-05-07T15:35:15","date_gmt":"2018-05-07T13:35:15","guid":{"rendered":"https:\/\/www.promoco.se\/integritetspolicy\/"},"modified":"2019-01-25T09:59:22","modified_gmt":"2019-01-25T08:59:22","slug":"integrity-policy","status":"publish","type":"page","link":"https:\/\/www.promoco.se\/en\/integrity-policy\/","title":{"rendered":"Integrity policy"},"content":{"rendered":"<p>[et_pb_section bb_built=&#8221;1&#8243; next_background_color=&#8221;#ffffff&#8221; _builder_version=&#8221;3.2&#8243; background_image=&#8221;https:\/\/www.promoco.se\/wp-content\/uploads\/2018\/05\/Heropic_om_oss.jpg&#8221; module_class=&#8221;gen-hero-sec gen-subpage-hero-sec gen-overlay&#8221; custom_padding=&#8221;0px||0px|&#8221;][et_pb_row _builder_version=&#8221;3.2&#8243; module_class=&#8221;gen-subpage-hero-row&#8221;][et_pb_column type=&#8221;4_4&#8243;][et_pb_text admin_label=&#8221;Sidrubrik&#8221; _builder_version=&#8221;3.2&#8243; module_class=&#8221;gen-subpage-hero-mod gen-white-text&#8221;]<\/p>\n<h1>Integritetspolicy<\/h1>\n<p>&nbsp;<\/p>\n<p>[\/et_pb_text][\/et_pb_column][\/et_pb_row][\/et_pb_section][et_pb_section bb_built=&#8221;1&#8243; specialty=&#8221;off&#8221; prev_background_color=&#8221;#000000&#8243; _builder_version=&#8221;3.2&#8243; module_class=&#8221;gen-subpage-first-sec&#8221; custom_padding=&#8221;108px|||&#8221; custom_padding_last_edited=&#8221;on|desktop&#8221; custom_padding_tablet=&#8221;70px|||&#8221; custom_padding_phone=&#8221;40px|||&#8221;][et_pb_row _builder_version=&#8221;3.2&#8243; background_position=&#8221;top_left&#8221; background_repeat=&#8221;repeat&#8221; background_size=&#8221;initial&#8221; module_class_1=&#8221;gen-no-margin-bottom &#8221; module_class=&#8221;gen-narrow-row&#8221;][et_pb_column type=&#8221;4_4&#8243;][et_pb_text admin_label=&#8221;01 Rubrik&#8221; _builder_version=&#8221;3.2&#8243; module_class=&#8221;gen-cta-btn gen-text-heading-mod gen-wide-left-heading&#8221; text_orientation=&#8221;center&#8221;]<\/p>\n<h6>01<\/h6>\n<h5>V\u00e5r Integritetspolicy<\/h5>\n<h2>GDPR\/integritetspolicy p\u00e5 Promoco Scandinavia AB, nedan Promoco<\/h2>\n<p>[\/et_pb_text][et_pb_text _builder_version=&#8221;3.2&#8243;]<\/p>\n<p>I denna Integritetspolicy beskrivs hur Promoco hanterar personuppgifter.<\/p>\n<p>Vid anv\u00e4ndandet av v\u00e5ra produkter och tj\u00e4nster kan v\u00e5ra kunder och anv\u00e4ndare l\u00e4mna<br \/>\npersonuppgifter till oss i egenskap av f\u00f6retr\u00e4dare f\u00f6r ett f\u00f6retag. Vi \u00e4r<br \/>\npersonuppgiftsansvariga f\u00f6r dina personuppgifter och deras behandling i enlighet med<br \/>\ndenna Integritetspolicy.<\/p>\n<ul>\n<li>Vilka uppgifter behandlar vi?<\/li>\n<\/ul>\n<p>Vi samlar in personuppgifter, s\u00e5som namn, efternamn, f\u00f6retagsnamn, yrkestitel,<br \/>\ne-postadress och telefonnummer n\u00e4r du kommer i kontakt med oss eller p\u00e5 annat s\u00e4tt<br \/>\nl\u00e4mnar dina personuppgifter till oss. Alla personuppgifter hanteras med sekretess och<br \/>\nanv\u00e4nds enbart f\u00f6r Promocos syften enligt lagen om GDPR.<\/p>\n<ul>\n<li>\u00c4ndam\u00e5let med behandling av personuppgifter<\/li>\n<\/ul>\n<p>Personuppgifter f\u00f6r kunder och potentiella kunder lagras f\u00f6r f\u00f6ljande \u00e4ndam\u00e5l:<br \/>\nAdministration kring f\u00f6rs\u00e4ljning av v\u00e5ra produkter och -tj\u00e4nster, marknadsf\u00f6ring och<br \/>\nuppr\u00e4ttande av offertf\u00f6rslag.<\/p>\n<ul>\n<li>R\u00e4ttslig grund<\/li>\n<\/ul>\n<p>Enligt g\u00e4llande dataskyddsreglering m\u00e5ste det finnas lagligt st\u00f6d, en s\u00e5 kallad r\u00e4ttslig grund,<br \/>\nf\u00f6r att v\u00e5r behandling av dina uppgifter ska vara laglig och n\u00f6dv\u00e4ndig.<br \/>\nNedan \u00e4r de r\u00e4ttsliga grunder vi anv\u00e4nder oss av.<\/p>\n<p>&#8211; Fullg\u00f6rande av avtal.<\/p>\n<p>Vi behandlar endast n\u00f6dv\u00e4ndiga uppgifter f\u00f6r att identifiera dig om kund eller anv\u00e4ndare f\u00f6r<br \/>\natt hantera och leverera best\u00e4llningar i enlighet med ditt avtal.<\/p>\n<p>&#8211; R\u00e4ttslig f\u00f6rpliktelse<\/p>\n<p>Vi behandlar dina uppgifter i syfte att fullg\u00f6ra v\u00e5ra lagstadgade skyldigheter, t.ex. dina<br \/>\nfaktureringsuppgifter enligt bokf\u00f6ringslagen.<\/p>\n<p>&#8211; Intresseavv\u00e4gning<\/p>\n<p>Vi behandlar dina uppgifter f\u00f6r att utveckla v\u00e5ra tj\u00e4nster, processer och att marknadsf\u00f6ra<br \/>\nv\u00e5ra produkter och tj\u00e4nster direkt till dig.<\/p>\n<p>&#8211; Samtycke<\/p>\n<p>I vissa fall kan du genom prenumeration p\u00e5 v\u00e5r websida ta del av v\u00e5ra nyhetsbrev och<br \/>\nmarknadsf\u00f6ringsmaterial, eller genom webbformul\u00e4r skicka in din f\u00f6rfr\u00e5gan p\u00e5 v\u00e5ra<br \/>\nprodukter och tj\u00e4nster, eller i andra omst\u00e4ndigheter godk\u00e4nna att vi behandlar dina uppgifter.<br \/>\nD\u00e5 samtycker du till att vi behandlar dina uppgifter endast till det angivna \u00e4ndam\u00e5let.<\/p>\n<ul>\n<li>Lagringstid f\u00f6r personuppgifter<\/li>\n<\/ul>\n<p>Dina uppgifter sparas s\u00e5 l\u00e4nge du har en avtalsrelation eller aff\u00e4rsrelation med oss och s\u00e5<br \/>\nl\u00e4nge det \u00e4r n\u00f6dv\u00e4ndigt med h\u00e4nsyn till \u00e4ndam\u00e5let med behandlingen. Efter avslutad<br \/>\nrelation sparar vi dina uppgifter i upp till 3 \u00e5r. I de fall det finns lagkrav p\u00e5 att spara uppgifter<br \/>\nunder l\u00e4nge tid s\u00e5 f\u00f6ljer vi s\u00e5dana lagar.<\/p>\n<p>Uppgifter som utg\u00f6r ett fakturaunderlag sparar vi i sju \u00e5r enligt bokf\u00f6ringslagen.<\/p>\n<ul>\n<li>R\u00e4tt till information om behandling av personuppgifter<\/li>\n<\/ul>\n<p>Du har r\u00e4tt till insyn hur dina personuppgifter behandlas. Vill du veta vilka uppgifter vi har om<br \/>\ndig. Du kan \u00e4ven beg\u00e4ra ett utdrag fr\u00e5n v\u00e5rt register, och beg\u00e4ra att informationen ska r\u00e4ttas<br \/>\neller tas bort. Du kan beg\u00e4ra att f\u00e5 personuppgifter flyttade fr\u00e5n v\u00e5rt system till en annan<br \/>\nakt\u00f6r, s.k. dataportabilitet. En beg\u00e4ran om n\u00e5got av det n\u00e4mnda kan skickas till<br \/>\ninfo@promoco.se.<\/p>\n<ul>\n<li>R\u00e4tt till inv\u00e4ndning<\/li>\n<\/ul>\n<p>Om vi utf\u00f6r med st\u00f6d av intresseavv\u00e4gning har du r\u00e4tt att g\u00f6ra inv\u00e4ndningar mot behandling<br \/>\nav dina uppgifter. Du m\u00e5ste d\u00e5 specificera vilken behandling du inv\u00e4nder mot. Om vi efter<br \/>\nutv\u00e4rdering anser att s\u00e5dan behandling \u00e4nd\u00e5 ska ske, m\u00e5ste vi uppvisa att v\u00e5rt intresse f\u00f6r<br \/>\nbehandlingen v\u00e4ger tyngre.<\/p>\n<ul>\n<li>R\u00e4tt till klagom\u00e5l<\/li>\n<\/ul>\n<p>Om du anser att behandling av dina uppgifter \u00e4r i strid med g\u00e4llande regelverk har du r\u00e4tt att<br \/>\nl\u00e4mna in ett klagom\u00e5l till oss snarast.<\/p>\n<ul>\n<li>\u00c5terkallelse av samtycke<\/li>\n<\/ul>\n<p>Du har ocks\u00e5 r\u00e4tt att n\u00e4r som helst \u00e5terkalla ett l\u00e4mnat samtycke om behandling av personuppgifter.<\/p>\n<p>[\/et_pb_text][\/et_pb_column][\/et_pb_row][\/et_pb_section]<\/p>\n","protected":false},"excerpt":{"rendered":"<p>[et_pb_section bb_built=&#8221;1&#8243; next_background_color=&#8221;#ffffff&#8221; _builder_version=&#8221;3.2&#8243; background_image=&#8221;https:\/\/www.promoco.se\/wp-content\/uploads\/2018\/05\/Heropic_om_oss.jpg&#8221; module_class=&#8221;gen-hero-sec gen-subpage-hero-sec gen-overlay&#8221; custom_padding=&#8221;0px||0px|&#8221;][et_pb_row _builder_version=&#8221;3.2&#8243; module_class=&#8221;gen-subpage-hero-row&#8221;][et_pb_column type=&#8221;4_4&#8243;][et_pb_text admin_label=&#8221;Sidrubrik&#8221; _builder_version=&#8221;3.2&#8243; module_class=&#8221;gen-subpage-hero-mod gen-white-text&#8221;] Integritetspolicy &nbsp; [\/et_pb_text][\/et_pb_column][\/et_pb_row][\/et_pb_section][et_pb_section bb_built=&#8221;1&#8243; specialty=&#8221;off&#8221; prev_background_color=&#8221;#000000&#8243; _builder_version=&#8221;3.2&#8243; module_class=&#8221;gen-subpage-first-sec&#8221; custom_padding=&#8221;108px|||&#8221; custom_padding_last_edited=&#8221;on|desktop&#8221; custom_padding_tablet=&#8221;70px|||&#8221; custom_padding_phone=&#8221;40px|||&#8221;][et_pb_row _builder_version=&#8221;3.2&#8243; background_position=&#8221;top_left&#8221; background_repeat=&#8221;repeat&#8221; background_size=&#8221;initial&#8221; module_class_1=&#8221;gen-no-margin-bottom &#8221; module_class=&#8221;gen-narrow-row&#8221;][et_pb_column type=&#8221;4_4&#8243;][et_pb_text admin_label=&#8221;01 Rubrik&#8221; _builder_version=&#8221;3.2&#8243; module_class=&#8221;gen-cta-btn gen-text-heading-mod gen-wide-left-heading&#8221; text_orientation=&#8221;center&#8221;] 01 V\u00e5r Integritetspolicy GDPR\/integritetspolicy p\u00e5 Promoco Scandinavia AB, nedan Promoco [\/et_pb_text][et_pb_text _builder_version=&#8221;3.2&#8243;]<\/p>\n","protected":false},"author":6,"featured_media":0,"parent":0,"menu_order":80,"comment_status":"closed","ping_status":"closed","template":"","meta":[],"yoast_head":"<!-- This site is optimized with the Yoast SEO Premium plugin v15.1.2 - https:\/\/yoast.com\/wordpress\/plugins\/seo\/ -->\n<title>Integrity policy | Promoco<\/title>\n<meta name=\"robots\" content=\"index, follow, max-snippet:-1, max-image-preview:large, max-video-preview:-1\" \/>\n<link rel=\"canonical\" href=\"https:\/\/www.promoco.se\/en\/integrity-policy\/\" \/>\n<meta property=\"og:locale\" content=\"en_US\" \/>\n<meta property=\"og:type\" content=\"article\" \/>\n<meta property=\"og:title\" content=\"Integrity policy | Promoco\" \/>\n<meta property=\"og:description\" content=\"[et_pb_section bb_built=&#8221;1&#8243; next_background_color=&#8221;#ffffff&#8221; _builder_version=&#8221;3.2&#8243; background_image=&#8221;https:\/\/www.promoco.se\/wp-content\/uploads\/2018\/05\/Heropic_om_oss.jpg&#8221; module_class=&#8221;gen-hero-sec gen-subpage-hero-sec gen-overlay&#8221; custom_padding=&#8221;0px||0px|&#8221;][et_pb_row _builder_version=&#8221;3.2&#8243; module_class=&#8221;gen-subpage-hero-row&#8221;][et_pb_column type=&#8221;4_4&#8243;][et_pb_text admin_label=&#8221;Sidrubrik&#8221; _builder_version=&#8221;3.2&#8243; module_class=&#8221;gen-subpage-hero-mod gen-white-text&#8221;] Integritetspolicy &nbsp; [\/et_pb_text][\/et_pb_column][\/et_pb_row][\/et_pb_section][et_pb_section bb_built=&#8221;1&#8243; specialty=&#8221;off&#8221; prev_background_color=&#8221;#000000&#8243; _builder_version=&#8221;3.2&#8243; module_class=&#8221;gen-subpage-first-sec&#8221; custom_padding=&#8221;108px|||&#8221; custom_padding_last_edited=&#8221;on|desktop&#8221; custom_padding_tablet=&#8221;70px|||&#8221; custom_padding_phone=&#8221;40px|||&#8221;][et_pb_row _builder_version=&#8221;3.2&#8243; background_position=&#8221;top_left&#8221; background_repeat=&#8221;repeat&#8221; background_size=&#8221;initial&#8221; module_class_1=&#8221;gen-no-margin-bottom &#8221; module_class=&#8221;gen-narrow-row&#8221;][et_pb_column type=&#8221;4_4&#8243;][et_pb_text admin_label=&#8221;01 Rubrik&#8221; _builder_version=&#8221;3.2&#8243; module_class=&#8221;gen-cta-btn gen-text-heading-mod gen-wide-left-heading&#8221; text_orientation=&#8221;center&#8221;] 01 V\u00e5r Integritetspolicy GDPR\/integritetspolicy p\u00e5 Promoco Scandinavia AB, nedan Promoco [\/et_pb_text][et_pb_text _builder_version=&#8221;3.2&#8243;]\" \/>\n<meta property=\"og:url\" content=\"https:\/\/www.promoco.se\/en\/integrity-policy\/\" \/>\n<meta property=\"og:site_name\" content=\"Promoco\" \/>\n<meta property=\"article:publisher\" content=\"https:\/\/www.facebook.com\/Promoco-Scandinavia-AB-237014483048825\/\" \/>\n<meta property=\"article:modified_time\" content=\"2019-01-25T08:59:22+00:00\" \/>\n<meta property=\"og:image\" content=\"https:\/\/www.promoco.se\/wp-content\/uploads\/2026\/03\/Elmotor-1.jpg\" \/>\n\t<meta property=\"og:image:width\" content=\"1920\" \/>\n\t<meta property=\"og:image:height\" content=\"1080\" \/>\n<script type=\"application\/ld+json\" class=\"yoast-schema-graph\">{\"@context\":\"https:\/\/schema.org\",\"@graph\":[{\"@type\":\"Organization\",\"@id\":\"https:\/\/www.promoco.se\/en\/#organization\",\"name\":\"Promoco Scandinavia AB\",\"url\":\"https:\/\/www.promoco.se\/en\/\",\"sameAs\":[\"https:\/\/www.facebook.com\/Promoco-Scandinavia-AB-237014483048825\/\",\"https:\/\/www.instagram.com\/promocoscandinavia\/\",\"https:\/\/www.linkedin.com\/company\/promoco-scandinavia-ab\/\",\"https:\/\/twitter.com\/promocose\"],\"logo\":{\"@type\":\"ImageObject\",\"@id\":\"https:\/\/www.promoco.se\/en\/#logo\",\"inLanguage\":\"en-US\",\"url\":\"https:\/\/www.promoco.se\/wp-content\/uploads\/2018\/10\/promoco_logo.jpg\",\"width\":600,\"height\":124,\"caption\":\"Promoco Scandinavia AB\"},\"image\":{\"@id\":\"https:\/\/www.promoco.se\/en\/#logo\"}},{\"@type\":\"WebSite\",\"@id\":\"https:\/\/www.promoco.se\/en\/#website\",\"url\":\"https:\/\/www.promoco.se\/en\/\",\"name\":\"Promoco\",\"description\":\"\",\"publisher\":{\"@id\":\"https:\/\/www.promoco.se\/en\/#organization\"},\"potentialAction\":[{\"@type\":\"SearchAction\",\"target\":\"https:\/\/www.promoco.se\/en\/?s={search_term_string}\",\"query-input\":\"required name=search_term_string\"}],\"inLanguage\":\"en-US\"},{\"@type\":\"WebPage\",\"@id\":\"https:\/\/www.promoco.se\/en\/integrity-policy\/#webpage\",\"url\":\"https:\/\/www.promoco.se\/en\/integrity-policy\/\",\"name\":\"Integrity policy | Promoco\",\"isPartOf\":{\"@id\":\"https:\/\/www.promoco.se\/en\/#website\"},\"datePublished\":\"2018-05-07T13:35:15+00:00\",\"dateModified\":\"2019-01-25T08:59:22+00:00\",\"inLanguage\":\"en-US\",\"potentialAction\":[{\"@type\":\"ReadAction\",\"target\":[\"https:\/\/www.promoco.se\/en\/integrity-policy\/\"]}]}]}<\/script>\n<!-- \/ Yoast SEO Premium plugin. -->","_links":{"self":[{"href":"https:\/\/www.promoco.se\/en\/wp-json\/wp\/v2\/pages\/1865"}],"collection":[{"href":"https:\/\/www.promoco.se\/en\/wp-json\/wp\/v2\/pages"}],"about":[{"href":"https:\/\/www.promoco.se\/en\/wp-json\/wp\/v2\/types\/page"}],"author":[{"embeddable":true,"href":"https:\/\/www.promoco.se\/en\/wp-json\/wp\/v2\/users\/6"}],"replies":[{"embeddable":true,"href":"https:\/\/www.promoco.se\/en\/wp-json\/wp\/v2\/comments?post=1865"}],"version-history":[{"count":4,"href":"https:\/\/www.promoco.se\/en\/wp-json\/wp\/v2\/pages\/1865\/revisions"}],"predecessor-version":[{"id":2190,"href":"https:\/\/www.promoco.se\/en\/wp-json\/wp\/v2\/pages\/1865\/revisions\/2190"}],"wp:attachment":[{"href":"https:\/\/www.promoco.se\/en\/wp-json\/wp\/v2\/media?parent=1865"}],"curies":[{"name":"wp","href":"https:\/\/api.w.org\/{rel}","templated":true}]}}