{"id":1859,"date":"2018-05-04T08:32:02","date_gmt":"2018-05-04T06:32:02","guid":{"rendered":"https:\/\/www.promoco.se\/produkter\/"},"modified":"2026-03-13T09:21:50","modified_gmt":"2026-03-13T08:21:50","slug":"products","status":"publish","type":"page","link":"https:\/\/www.promoco.se\/en\/products\/","title":{"rendered":"Products"},"content":{"rendered":"<p>[et_pb_section fb_built=&#8221;1&#8243; module_class=&#8221;gen-hero-sec gen-subpage-hero-sec gen-overlay&#8221; _builder_version=&#8221;3.5&#8243; background_image=&#8221;https:\/\/www.promoco.se\/wp-content\/uploads\/2026\/03\/Produkter.jpg&#8221; custom_padding=&#8221;0px||0|&#8221;][et_pb_row module_class=&#8221;gen-subpage-hero-row&#8221; _builder_version=&#8221;3.5&#8243;][et_pb_column type=&#8221;4_4&#8243; _builder_version=&#8221;3.0.47&#8243; parallax=&#8221;off&#8221; parallax_method=&#8221;on&#8221;][et_pb_text admin_label=&#8221;Sidrubrik&#8221; module_class=&#8221;gen-subpage-hero-mod gen-white-text&#8221; _builder_version=&#8221;3.5&#8243;]<\/p>\n<h1>Products<\/h1>\n<p>We supply electronic and electromechanical solutions based on a range consisting of high quality components.<br \/>\n[\/et_pb_text][\/et_pb_column][\/et_pb_row][\/et_pb_section][et_pb_section fb_built=&#8221;1&#8243; _builder_version=&#8221;3.5&#8243;][et_pb_row use_custom_width=&#8221;on&#8221; custom_width_px=&#8221;980px&#8221; _builder_version=&#8221;3.5&#8243;][et_pb_column type=&#8221;4_4&#8243; _builder_version=&#8221;3.0.47&#8243; parallax=&#8221;off&#8221; parallax_method=&#8221;on&#8221;][et_pb_text admin_label=&#8221;01 Rubrik&#8221; module_class=&#8221;gen-cta-btn gen-text-heading-mod gen-center-heading&#8221; _builder_version=&#8221;3.1.1&#8243; text_orientation=&#8221;center&#8221; custom_padding=&#8221;||4.8%|&#8221;]<\/p>\n<h6>01<\/h6>\n<h5>ENERGY EFFICIENT PRODUCTS<\/h5>\n<h2>Carefully selected electromechanical<\/h2>\n<p>This is the first step for finding just what you are looking for. All our items are split into these four business areas. For each business area, we have dedicated experts who can help you if you have any questions or can\u2019t find what you are looking for. Each product group listing contains information about who you can contact in order to obtain the most efficient support.<br \/>\n[\/et_pb_text][et_pb_text admin_label=&#8221;Shortcode&#8221; _builder_version=&#8221;3.1.1&#8243;]<div class=\"gen-products-main-categories\">\n\t    <a class=\"gen-products-category\" href=\"https:\/\/www.promoco.se\/en\/product-category\/electric-motors\/\">\n                <img class=\"gen-products-featured-image\" src=\"https:\/\/www.promoco.se\/wp-content\/uploads\/2018\/04\/elmotorer.svg\" alt=\"Electric motors\" \/>\n                <h3>Electric motors<\/h3>\n                <div class=\"gen-products-preamble\"><p>Since the beginning of 1989, our electric motors and in-house manufactured gearboxes have been used in many different applications.<\/p>\n<\/div>\n            <\/a>\n\t    <a class=\"gen-products-category\" href=\"https:\/\/www.promoco.se\/en\/product-category\/electronic-cooling\/\">\n                <img class=\"gen-products-featured-image\" src=\"https:\/\/www.promoco.se\/wp-content\/uploads\/2018\/05\/elektronikkylning-1.svg\" alt=\"Electronics cooling\" \/>\n                <h3>Electronics cooling<\/h3>\n                <div class=\"gen-products-preamble\"><p>The applications get smaller and the power rises, which increases the need for efficient cooling.<\/p>\n<\/div>\n            <\/a>\n\t    <a class=\"gen-products-category\" href=\"https:\/\/www.promoco.se\/en\/product-category\/current-and-voltage\/\">\n                <img class=\"gen-products-featured-image\" src=\"https:\/\/www.promoco.se\/wp-content\/uploads\/2018\/04\/strom_spanning.svg\" alt=\"Power and voltage\" \/>\n                <h3>Power and voltage<\/h3>\n                <div class=\"gen-products-preamble\"><p>Quality products for safety and power<\/p>\n<\/div>\n            <\/a>\n\t    <a class=\"gen-products-category\" href=\"https:\/\/www.promoco.se\/en\/product-category\/test-pins-and-test-fixtures\/\">\n                <img class=\"gen-products-featured-image\" src=\"https:\/\/www.promoco.se\/wp-content\/uploads\/2018\/05\/teststift_testficturer.svg\" alt=\"Test probes and test fixtures\" \/>\n                <h3>Test probes and test fixtures<\/h3>\n                <div class=\"gen-products-preamble\"><p>We build fixtures for our customers based on their requirements.<\/p>\n<\/div>\n            <\/a>\n\t<\/div>\n<br \/>\n[\/et_pb_text][\/et_pb_column][\/et_pb_row][\/et_pb_section][et_pb_section fb_built=&#8221;1&#8243; module_class=&#8221;gen-overlay&#8221; _builder_version=&#8221;3.5&#8243; background_image=&#8221;https:\/\/www.promoco.se\/wp-content\/uploads\/2018\/08\/Puff-kontakta-oss.jpg&#8221; custom_padding=&#8221;||2.3%|&#8221;][et_pb_row module_class_1=&#8221;gen-no-margin-bottom &#8221; module_class=&#8221;gen-narrow-row&#8221; _builder_version=&#8221;3.5&#8243; background_size=&#8221;initial&#8221; background_position=&#8221;top_left&#8221; background_repeat=&#8221;repeat&#8221;][et_pb_column type=&#8221;4_4&#8243; _builder_version=&#8221;3.0.47&#8243; parallax=&#8221;off&#8221; parallax_method=&#8221;on&#8221; module_class=&#8221;gen-no-margin-bottom &#8220;][et_pb_text admin_label=&#8221;03 Rubrik&#8221; module_class=&#8221;gen-cta-btn gen-white-btn gen-text-heading-mod gen-heading-thin gen-left-heading gen-btn-heading gen-white-heading gen-subpage-bottom-cta-heading&#8221; _builder_version=&#8221;3.1.1&#8243; text_orientation=&#8221;center&#8221; saved_tabs=&#8221;all&#8221;]<\/p>\n<h6>03<\/h6>\n<h5>Contact us<\/h5>\n<h2>If you have any questions or concerns, we would love to hear from you<\/h2>\n<p><a href=\"https:\/\/www.promoco.se\/en\/contact\/\">Contact us<\/a><br \/>\n[\/et_pb_text][\/et_pb_column][\/et_pb_row][\/et_pb_section]<\/p>\n","protected":false},"excerpt":{"rendered":"<p>[et_pb_section fb_built=&#8221;1&#8243; module_class=&#8221;gen-hero-sec gen-subpage-hero-sec gen-overlay&#8221; _builder_version=&#8221;3.5&#8243; background_image=&#8221;https:\/\/www.promoco.se\/wp-content\/uploads\/2026\/03\/Produkter.jpg&#8221; custom_padding=&#8221;0px||0|&#8221;][et_pb_row module_class=&#8221;gen-subpage-hero-row&#8221; _builder_version=&#8221;3.5&#8243;][et_pb_column type=&#8221;4_4&#8243; _builder_version=&#8221;3.0.47&#8243; parallax=&#8221;off&#8221; parallax_method=&#8221;on&#8221;][et_pb_text admin_label=&#8221;Sidrubrik&#8221; module_class=&#8221;gen-subpage-hero-mod gen-white-text&#8221; _builder_version=&#8221;3.5&#8243;] Products We supply electronic and electromechanical solutions based on a range consisting of high quality components. [\/et_pb_text][\/et_pb_column][\/et_pb_row][\/et_pb_section][et_pb_section fb_built=&#8221;1&#8243; _builder_version=&#8221;3.5&#8243;][et_pb_row use_custom_width=&#8221;on&#8221; custom_width_px=&#8221;980px&#8221; _builder_version=&#8221;3.5&#8243;][et_pb_column type=&#8221;4_4&#8243; _builder_version=&#8221;3.0.47&#8243; parallax=&#8221;off&#8221; parallax_method=&#8221;on&#8221;][et_pb_text admin_label=&#8221;01 Rubrik&#8221; module_class=&#8221;gen-cta-btn gen-text-heading-mod gen-center-heading&#8221; _builder_version=&#8221;3.1.1&#8243; text_orientation=&#8221;center&#8221; custom_padding=&#8221;||4.8%|&#8221;] 01 ENERGY EFFICIENT<\/p>\n","protected":false},"author":6,"featured_media":0,"parent":0,"menu_order":60,"comment_status":"closed","ping_status":"closed","template":"","meta":[],"yoast_head":"<!-- This site is optimized with the Yoast SEO Premium plugin v15.1.2 - https:\/\/yoast.com\/wordpress\/plugins\/seo\/ -->\n<title>Products | Promoco Scandinavia AB<\/title>\n<meta name=\"description\" content=\"V\u00e5ra produkter \u00e4r f\u00f6rdelade p\u00e5 fyra aff\u00e4rsomr\u00e5den; Elektronikkylning, Elmotorer, Str\u00f6m\/Sp\u00e4nning och Test. V\u00e4lkommen in och bekanta dig med v\u00e5rt utbud.\" \/>\n<meta name=\"robots\" content=\"index, follow, max-snippet:-1, max-image-preview:large, max-video-preview:-1\" \/>\n<link rel=\"canonical\" href=\"https:\/\/www.promoco.se\/produkter\/\" \/>\n<meta property=\"og:locale\" content=\"en_US\" \/>\n<meta property=\"og:type\" content=\"article\" \/>\n<meta property=\"og:title\" content=\"Products | Promoco Scandinavia AB\" \/>\n<meta property=\"og:description\" content=\"V\u00e5ra produkter \u00e4r f\u00f6rdelade p\u00e5 fyra aff\u00e4rsomr\u00e5den; Elektronikkylning, Elmotorer, Str\u00f6m\/Sp\u00e4nning och Test. V\u00e4lkommen in och bekanta dig med v\u00e5rt utbud.\" \/>\n<meta property=\"og:url\" content=\"https:\/\/www.promoco.se\/produkter\/\" \/>\n<meta property=\"og:site_name\" content=\"Promoco\" \/>\n<meta property=\"article:publisher\" content=\"https:\/\/www.facebook.com\/Promoco-Scandinavia-AB-237014483048825\/\" \/>\n<meta property=\"article:modified_time\" content=\"2026-03-13T08:21:50+00:00\" \/>\n<meta property=\"og:image\" content=\"https:\/\/www.promoco.se\/wp-content\/uploads\/2026\/03\/Elmotor-1.jpg\" \/>\n\t<meta property=\"og:image:width\" content=\"1920\" \/>\n\t<meta property=\"og:image:height\" content=\"1080\" \/>\n<script type=\"application\/ld+json\" class=\"yoast-schema-graph\">{\"@context\":\"https:\/\/schema.org\",\"@graph\":[{\"@type\":\"Organization\",\"@id\":\"https:\/\/www.promoco.se\/en\/#organization\",\"name\":\"Promoco Scandinavia AB\",\"url\":\"https:\/\/www.promoco.se\/en\/\",\"sameAs\":[\"https:\/\/www.facebook.com\/Promoco-Scandinavia-AB-237014483048825\/\",\"https:\/\/www.instagram.com\/promocoscandinavia\/\",\"https:\/\/www.linkedin.com\/company\/promoco-scandinavia-ab\/\",\"https:\/\/twitter.com\/promocose\"],\"logo\":{\"@type\":\"ImageObject\",\"@id\":\"https:\/\/www.promoco.se\/en\/#logo\",\"inLanguage\":\"en-US\",\"url\":\"https:\/\/www.promoco.se\/wp-content\/uploads\/2018\/10\/promoco_logo.jpg\",\"width\":600,\"height\":124,\"caption\":\"Promoco Scandinavia AB\"},\"image\":{\"@id\":\"https:\/\/www.promoco.se\/en\/#logo\"}},{\"@type\":\"WebSite\",\"@id\":\"https:\/\/www.promoco.se\/en\/#website\",\"url\":\"https:\/\/www.promoco.se\/en\/\",\"name\":\"Promoco\",\"description\":\"\",\"publisher\":{\"@id\":\"https:\/\/www.promoco.se\/en\/#organization\"},\"potentialAction\":[{\"@type\":\"SearchAction\",\"target\":\"https:\/\/www.promoco.se\/en\/?s={search_term_string}\",\"query-input\":\"required name=search_term_string\"}],\"inLanguage\":\"en-US\"},{\"@type\":\"WebPage\",\"@id\":\"https:\/\/www.promoco.se\/produkter\/#webpage\",\"url\":\"https:\/\/www.promoco.se\/produkter\/\",\"name\":\"Products | Promoco Scandinavia AB\",\"isPartOf\":{\"@id\":\"https:\/\/www.promoco.se\/en\/#website\"},\"datePublished\":\"2018-05-04T06:32:02+00:00\",\"dateModified\":\"2026-03-13T08:21:50+00:00\",\"description\":\"V\\u00e5ra produkter \\u00e4r f\\u00f6rdelade p\\u00e5 fyra aff\\u00e4rsomr\\u00e5den; Elektronikkylning, Elmotorer, Str\\u00f6m\/Sp\\u00e4nning och Test. V\\u00e4lkommen in och bekanta dig med v\\u00e5rt utbud.\",\"inLanguage\":\"en-US\",\"potentialAction\":[{\"@type\":\"ReadAction\",\"target\":[\"https:\/\/www.promoco.se\/produkter\/\"]}]}]}<\/script>\n<!-- \/ Yoast SEO Premium plugin. -->","_links":{"self":[{"href":"https:\/\/www.promoco.se\/en\/wp-json\/wp\/v2\/pages\/1859"}],"collection":[{"href":"https:\/\/www.promoco.se\/en\/wp-json\/wp\/v2\/pages"}],"about":[{"href":"https:\/\/www.promoco.se\/en\/wp-json\/wp\/v2\/types\/page"}],"author":[{"embeddable":true,"href":"https:\/\/www.promoco.se\/en\/wp-json\/wp\/v2\/users\/6"}],"replies":[{"embeddable":true,"href":"https:\/\/www.promoco.se\/en\/wp-json\/wp\/v2\/comments?post=1859"}],"version-history":[{"count":15,"href":"https:\/\/www.promoco.se\/en\/wp-json\/wp\/v2\/pages\/1859\/revisions"}],"predecessor-version":[{"id":5903,"href":"https:\/\/www.promoco.se\/en\/wp-json\/wp\/v2\/pages\/1859\/revisions\/5903"}],"wp:attachment":[{"href":"https:\/\/www.promoco.se\/en\/wp-json\/wp\/v2\/media?parent=1859"}],"curies":[{"name":"wp","href":"https:\/\/api.w.org\/{rel}","templated":true}]}}