{"id":1850,"date":"2018-05-04T08:31:20","date_gmt":"2018-05-04T06:31:20","guid":{"rendered":"https:\/\/www.promoco.se\/miljo-och-kvalitet\/"},"modified":"2026-03-13T09:41:36","modified_gmt":"2026-03-13T08:41:36","slug":"environment","status":"publish","type":"page","link":"https:\/\/www.promoco.se\/en\/environment\/","title":{"rendered":"Environment"},"content":{"rendered":"<p>[et_pb_section fb_built=&#8221;1&#8243; module_class=&#8221;gen-hero-sec gen-subpage-hero-sec gen-overlay&#8221; _builder_version=&#8221;3.2&#8243; background_image=&#8221;https:\/\/www.promoco.se\/wp-content\/uploads\/2018\/05\/Heropic_kvalite_miljo.jpg&#8221; custom_padding=&#8221;0px||0px|&#8221;][et_pb_row module_class=&#8221;gen-subpage-hero-row&#8221; _builder_version=&#8221;3.2&#8243;][et_pb_column type=&#8221;4_4&#8243; _builder_version=&#8221;3.0.47&#8243; parallax=&#8221;off&#8221; parallax_method=&#8221;on&#8221;][et_pb_text admin_label=&#8221;Sidrubrik&#8221; module_class=&#8221;gen-subpage-hero-mod gen-white-text&#8221; _builder_version=&#8221;3.5&#8243;]<\/p>\n<h1>Environment and quality<\/h1>\n<p>We work to ensure sustainable environmental development. This means that we work to reduce the environment-impacting factors of our business.<br \/>\n[\/et_pb_text][\/et_pb_column][\/et_pb_row][\/et_pb_section][et_pb_section fb_built=&#8221;1&#8243; custom_padding_last_edited=&#8221;on|desktop&#8221; module_class=&#8221;gen-subpage-first-sec&#8221; _builder_version=&#8221;3.2&#8243; custom_padding=&#8221;108px|||&#8221; custom_padding_tablet=&#8221;70px|||&#8221; custom_padding_phone=&#8221;40px|||&#8221;][et_pb_row module_class=&#8221;gt-iso-row&#8221; _builder_version=&#8221;3.5&#8243;][et_pb_column type=&#8221;4_4&#8243; _builder_version=&#8221;3.0.47&#8243; parallax=&#8221;off&#8221; parallax_method=&#8221;on&#8221;][et_pb_text admin_label=&#8221;ISO&#8221; _builder_version=&#8221;3.5&#8243;]<a href=\"https:\/\/www.promoco.se\/wp-content\/uploads\/2019\/05\/Promoco-ISO-9001.pdf\" target=\"_blank\" rel=\"noopener noreferrer\"><img class=\"alignnone size-full wp-image-2205\" src=\"https:\/\/www.promoco.se\/wp-content\/uploads\/2019\/05\/iso9001.png\" alt=\"\" width=\"258\" height=\"258\" \/><\/a><a href=\"https:\/\/www.promoco.se\/wp-content\/uploads\/2019\/05\/Promoco-ISO-14001.pdf\" target=\"_blank\" rel=\"noopener noreferrer\"><img class=\"alignnone size-full wp-image-2207\" src=\"https:\/\/www.promoco.se\/wp-content\/uploads\/2019\/05\/iso14001.png\" alt=\"\" width=\"258\" height=\"258\" \/><\/a><br \/>\n[\/et_pb_text][\/et_pb_column][\/et_pb_row][et_pb_row module_class_1=&#8221;gen-no-margin-bottom &#8221; module_class=&#8221;gen-narrow-row&#8221; _builder_version=&#8221;3.2&#8243; background_size=&#8221;initial&#8221; background_position=&#8221;top_left&#8221; background_repeat=&#8221;repeat&#8221;][et_pb_column type=&#8221;4_4&#8243; _builder_version=&#8221;3.0.47&#8243; parallax=&#8221;off&#8221; parallax_method=&#8221;on&#8221; module_class=&#8221;gen-no-margin-bottom &#8220;][et_pb_text admin_label=&#8221;01 Rubrik&#8221; module_class=&#8221;gen-cta-btn gen-text-heading-mod gen-wide-left-heading&#8221; _builder_version=&#8221;3.5&#8243; text_orientation=&#8221;center&#8221;]<\/p>\n<h6>01<\/h6>\n<h5>ENVIRONMENTAL WORK<\/h5>\n<h2>We contribute to a <em>sustainable environment<\/em> by lowering the environmental load of our business<\/h2>\n<p>[\/et_pb_text][et_pb_text _builder_version=&#8221;3.5&#8243;]At Promoco Scandinavia AB, we continually strive to reduce our environmental impact whilst, at the same time, maintaining the highest possible level of quality in our work. To this end, we place considerable emphasis in our day to day work on the impact we have on the environment, both in terms of the quality of our approach and the products we produce. In addition to our products, our environmental work also deals with reducing the environmental load produced by our transports, the travel we undertake and the activities conducted in our properties. For example we support UPS carbon neutral to compensate for our shipments.<br \/>\n[\/et_pb_text][et_pb_text _builder_version=&#8221;3.5&#8243;]<\/p>\n<h3>Applicable environmental legislation<\/h3>\n<p>We regard applicable environmental legislation as a minimum requirement. As far as possible, we choose the most environmentally friendly alternatives when procuring goods and services. In order to prevent contamination, we work actively to increase recycling of used products. Use of environmentally destructive substances is limited to the greatest possible extent, and we manage the waste we produce using good resource management processes.<\/p>\n<h3>Continual improvement<\/h3>\n<p>Focusing on quality and the environment, we apply continual improvements within the areas where we can make a difference. By following and updating our corporate policies, we can ensure a sustainable result. In addition, we ensure that our staff have the necessary criteria in order to satisfy the terms of our policies. To this end, we continually inform, train and engage the interest of staff.<br \/>\n[\/et_pb_text][\/et_pb_column][\/et_pb_row][et_pb_row custom_padding=&#8221;108px|||&#8221; module_class_1=&#8221;gen-no-margin-bottom&#8221; module_class=&#8221;gen-narrow-row&#8221; _builder_version=&#8221;3.2&#8243; background_size=&#8221;initial&#8221; background_position=&#8221;top_left&#8221; background_repeat=&#8221;repeat&#8221;][et_pb_column type=&#8221;4_4&#8243; _builder_version=&#8221;3.0.47&#8243; parallax=&#8221;off&#8221; parallax_method=&#8221;on&#8221; module_class=&#8221;gen-no-margin-bottom&#8221;][et_pb_text admin_label=&#8221;05 Rubrik&#8221; module_class=&#8221; gen-text-heading-mod gen-center-heading gen-heading-thin&#8221; _builder_version=&#8221;3.5&#8243; text_orientation=&#8221;center&#8221;]<\/p>\n<h6>02<\/h6>\n<h5>OUR POLICIES<\/h5>\n<h2>An environmental approach and quality permeates all our processes<\/h2>\n<p>[\/et_pb_text][\/et_pb_column][\/et_pb_row][et_pb_row use_custom_gutter=&#8221;on&#8221; custom_padding=&#8221;0px|||&#8221; custom_padding_tablet=&#8221;0px||0px|&#8221; custom_padding_last_edited=&#8221;on|desktop&#8221; module_class=&#8221;gen-three-blurbs gen-start-three-blurbs gen-match-height-row gen-medium-row gen-tab-nav-row gen-mod-4-12&#8243; _builder_version=&#8221;3.2&#8243;][et_pb_column type=&#8221;4_4&#8243; _builder_version=&#8221;3.0.47&#8243; parallax=&#8221;off&#8221; parallax_method=&#8221;on&#8221;][et_pb_blurb title=&#8221;Quality policy&#8221; image=&#8221;https:\/\/www.promoco.se\/wp-content\/uploads\/2018\/05\/produktion.svg&#8221; module_id=&#8221;one&#8221; module_class=&#8221;gen-toggle-mod gen-tab gen-tab-name-&#8221; _builder_version=&#8221;3.5&#8243; header_level=&#8221;h3&#8243; text_orientation=&#8221;center&#8221; animation=&#8221;off&#8221;]We value high quality in all stages of the business. We continually work with improvements and aim to grow with continued high quality and customer satisfaction.<br \/>\n[\/et_pb_blurb][et_pb_blurb title=&#8221;Environmental policy&#8221; image=&#8221;https:\/\/www.promoco.se\/wp-content\/uploads\/2018\/05\/lager.svg&#8221; module_id=&#8221;two&#8221; module_class=&#8221;gen-toggle-mod gen-tab gen-tab-name-&#8221; _builder_version=&#8221;3.5&#8243; header_level=&#8221;h3&#8243; text_orientation=&#8221;center&#8221; animation=&#8221;off&#8221;]We work to achieve sustainable environmental development, which means that we relentlessly reduce environmental impacting factors covered by the business.<br \/>\n[\/et_pb_blurb][et_pb_blurb title=&#8221;Conflict resource policy&#8221; image=&#8221;https:\/\/www.promoco.se\/wp-content\/uploads\/2018\/05\/simuleringar.svg&#8221; module_id=&#8221;three&#8221; module_class=&#8221;gen-toggle-mod gen-tab gen-tab-name-&#8221; _builder_version=&#8221;3.5&#8243; header_level=&#8221;h3&#8243; text_orientation=&#8221;center&#8221; animation=&#8221;off&#8221;]We report our use of conflict resources in accordance with the regulations produced by the United States Securities and Exchange Commission (SEC) for American listed companies.<br \/>\n[\/et_pb_blurb][\/et_pb_column][\/et_pb_row][et_pb_row custom_padding=&#8221;0px|||&#8221; module_id=&#8221;quality&#8221; module_class=&#8221;gen-medium-row gen-toggle-content gen-tab-content gen-tab-name-one&#8221; _builder_version=&#8221;3.2&#8243;][et_pb_column type=&#8221;4_4&#8243; _builder_version=&#8221;3.0.47&#8243; parallax=&#8221;off&#8221; parallax_method=&#8221;on&#8221;][et_pb_text admin_label=&#8221;Kvalitetspolicy \/ text \/ pdf&#8221; module_class=&#8221;gen-strong-heading gen-box-mod&#8221; _builder_version=&#8221;3.5&#8243;]Quality policy<br \/>\nPromoco Scandinavia AB engages in trading with electromechanical components. Our relationship to the world around us is built on trust, availability and expertise. By focusing on these values, we endeavour to ensure that each assignment we carry out shall result in renewed trust for future deals.<\/p>\n<p>We achieve our quality objectives by:<\/p>\n<ul>\n<li>Exceeding customers\u2019 expectations to the greatest possible extent.<\/li>\n<li>Imposing requirements on suppliers that correspond to our quality objectives.<\/li>\n<li>Our quality shall be a result of each employee\u2019s knowledge, responsibility and commitment. In addition, all employees shall know their areas of responsibility and authority.<\/li>\n<li>Employees are developed through continual training and job motivation.<\/li>\n<li>Work according to a zero-fault strategy. If faults still occur, remedial, corrective and preventive measures are implemented.<\/li>\n<li>The management team that defined the quality policy ensures that this is anchored, applied and maintained at all levels within the organisation, and is compliant with all applicable laws, requirements and relevant customer requirements.<\/li>\n<li>Continually work to improve the business system.<\/li>\n<\/ul>\n<p>[\/et_pb_text][\/et_pb_column][\/et_pb_row][et_pb_row custom_padding=&#8221;0px|||&#8221; module_id=&#8221;enviroment&#8221; module_class=&#8221;gen-medium-row gen-toggle-content gen-tab-content gen-tab-name-two&#8221; _builder_version=&#8221;3.2&#8243;][et_pb_column type=&#8221;4_4&#8243; _builder_version=&#8221;3.0.47&#8243; parallax=&#8221;off&#8221; parallax_method=&#8221;on&#8221;][et_pb_text admin_label=&#8221;Milj\u00f6policy \/ text \/ pdf&#8221; module_class=&#8221;gen-strong-heading gen-box-mod&#8221; _builder_version=&#8221;3.5&#8243;]Environmental policy<br \/>\nWe shall actively work to always reduce our direct and indirect environmental impact, whilst also supporting our other business objectives. In addition, we shall also work to achieve sustainable social development for future generations by actively engaging in environmental efforts. We shall take environmental considerations into account in all decisions on all levels in the business and strive to comply with applicable laws and other environmental requirements. Environmental work is based on a life cycle perspective.<\/p>\n<p>We mainly impact the environment through:<\/p>\n<ul>\n<li>transporting products from manufacturers via our warehouse or direct to customers<\/li>\n<li>the amount of environmentally harmful substances in products<\/li>\n<li>printing and distributing catalogues and brochures<\/li>\n<li>using packaging<\/li>\n<li>company\u2019s energy use<\/li>\n<\/ul>\n<p>We shall therefore work to:<\/p>\n<ul>\n<li>engage in an ongoing dialogue in respect of environmental issues with our suppliers and contractors, and impose relevant requirements<\/li>\n<li>increase our employees\u2019 knowledge of environmental issues and stimulate participation in environmental work<\/li>\n<li>increase the proportion of environmentally-adapted products<\/li>\n<\/ul>\n<p>[\/et_pb_text][\/et_pb_column][\/et_pb_row][et_pb_row custom_padding=&#8221;0px|||&#8221; module_id=&#8221;conflict&#8221; module_class=&#8221;gen-medium-row gen-toggle-content gen-tab-content gen-tab-name-three&#8221; _builder_version=&#8221;3.2&#8243;][et_pb_column type=&#8221;4_4&#8243; _builder_version=&#8221;3.0.47&#8243; parallax=&#8221;off&#8221; parallax_method=&#8221;on&#8221;][et_pb_text admin_label=&#8221;Konfliktmineralpolicy \/ text \/ pdf&#8221; module_class=&#8221;gen-strong-heading gen-box-mod&#8221; _builder_version=&#8221;3.5&#8243;]Conflict resource policy<\/p>\n<p>The United States Securities and Exchange Commission (SEC) has developed regulations for American listed companies and report their use of \u201cconflict resources\u201d &#8211; minerals that originate in the Democratic Republic of the Congo\/Congo-Kinshasa, or in a neighbouring country where money generated from the mining of conflict resources finance armed conflicts in these areas.<br \/>\n[\/et_pb_text][\/et_pb_column][\/et_pb_row][\/et_pb_section][et_pb_section fb_built=&#8221;1&#8243; module_class=&#8221;gen-overlay&#8221; _builder_version=&#8221;3.5&#8243; background_image=&#8221;https:\/\/www.promoco.se\/wp-content\/uploads\/2018\/08\/Puff-kontakta-oss.jpg&#8221; custom_padding=&#8221;||2.3%|&#8221;][et_pb_row module_class_1=&#8221;gen-no-margin-bottom &#8221; module_class=&#8221;gen-narrow-row&#8221; _builder_version=&#8221;3.2&#8243; background_size=&#8221;initial&#8221; background_position=&#8221;top_left&#8221; background_repeat=&#8221;repeat&#8221;][et_pb_column type=&#8221;4_4&#8243; _builder_version=&#8221;3.0.47&#8243; parallax=&#8221;off&#8221; parallax_method=&#8221;on&#8221; module_class=&#8221;gen-no-margin-bottom &#8220;][et_pb_text admin_label=&#8221;03 Rubrik&#8221; module_class=&#8221;gen-cta-btn gen-white-btn gen-text-heading-mod gen-heading-thin gen-left-heading gen-btn-heading gen-white-heading gen-subpage-bottom-cta-heading&#8221; _builder_version=&#8221;3.5&#8243; text_orientation=&#8221;center&#8221;]<\/p>\n<h6>03<\/h6>\n<h5>CONTACT US<\/h5>\n<h2>If you have any questions or concerns, we would love to hear from you<\/h2>\n<p><a href=\"https:\/\/www.promoco.se\/en\/contact\/\">CONTACT US<\/a><br \/>\n[\/et_pb_text][\/et_pb_column][\/et_pb_row][\/et_pb_section]<\/p>\n","protected":false},"excerpt":{"rendered":"<p>[et_pb_section fb_built=&#8221;1&#8243; module_class=&#8221;gen-hero-sec gen-subpage-hero-sec gen-overlay&#8221; _builder_version=&#8221;3.2&#8243; background_image=&#8221;https:\/\/www.promoco.se\/wp-content\/uploads\/2018\/05\/Heropic_kvalite_miljo.jpg&#8221; custom_padding=&#8221;0px||0px|&#8221;][et_pb_row module_class=&#8221;gen-subpage-hero-row&#8221; _builder_version=&#8221;3.2&#8243;][et_pb_column type=&#8221;4_4&#8243; _builder_version=&#8221;3.0.47&#8243; parallax=&#8221;off&#8221; parallax_method=&#8221;on&#8221;][et_pb_text admin_label=&#8221;Sidrubrik&#8221; module_class=&#8221;gen-subpage-hero-mod gen-white-text&#8221; _builder_version=&#8221;3.5&#8243;] Environment and quality We work to ensure sustainable environmental development. This means that we work to reduce the environment-impacting factors of our business. [\/et_pb_text][\/et_pb_column][\/et_pb_row][\/et_pb_section][et_pb_section fb_built=&#8221;1&#8243; custom_padding_last_edited=&#8221;on|desktop&#8221; module_class=&#8221;gen-subpage-first-sec&#8221; _builder_version=&#8221;3.2&#8243; custom_padding=&#8221;108px|||&#8221; custom_padding_tablet=&#8221;70px|||&#8221; custom_padding_phone=&#8221;40px|||&#8221;][et_pb_row module_class=&#8221;gt-iso-row&#8221; _builder_version=&#8221;3.5&#8243;][et_pb_column type=&#8221;4_4&#8243; _builder_version=&#8221;3.0.47&#8243; parallax=&#8221;off&#8221; parallax_method=&#8221;on&#8221;][et_pb_text<\/p>\n","protected":false},"author":6,"featured_media":0,"parent":0,"menu_order":30,"comment_status":"closed","ping_status":"closed","template":"","meta":[],"yoast_head":"<!-- This site is optimized with the Yoast SEO Premium plugin v15.1.2 - https:\/\/yoast.com\/wordpress\/plugins\/seo\/ -->\n<title>Environment | Promoco Scandinavia AB<\/title>\n<meta name=\"description\" content=\"Milj\u00f6 och kvalitet. Vi p\u00e5 Promoco jobbar m\u00e5linriktat p\u00e5 att alltid erbjuda h\u00f6gsta kvalitet efter behov och premiera milj\u00f6v\u00e4nliga produkter och transporter.\" \/>\n<meta name=\"robots\" content=\"index, follow, max-snippet:-1, max-image-preview:large, max-video-preview:-1\" \/>\n<link rel=\"canonical\" href=\"https:\/\/www.promoco.se\/en\/environment\/\" \/>\n<meta property=\"og:locale\" content=\"en_US\" \/>\n<meta property=\"og:type\" content=\"article\" \/>\n<meta property=\"og:title\" content=\"Environment | Promoco Scandinavia AB\" \/>\n<meta property=\"og:description\" content=\"Milj\u00f6 och kvalitet. Vi p\u00e5 Promoco jobbar m\u00e5linriktat p\u00e5 att alltid erbjuda h\u00f6gsta kvalitet efter behov och premiera milj\u00f6v\u00e4nliga produkter och transporter.\" \/>\n<meta property=\"og:url\" content=\"https:\/\/www.promoco.se\/en\/environment\/\" \/>\n<meta property=\"og:site_name\" content=\"Promoco\" \/>\n<meta property=\"article:publisher\" content=\"https:\/\/www.facebook.com\/Promoco-Scandinavia-AB-237014483048825\/\" \/>\n<meta property=\"article:modified_time\" content=\"2026-03-13T08:41:36+00:00\" \/>\n<meta property=\"og:image\" content=\"https:\/\/www.promoco.se\/wp-content\/uploads\/2019\/05\/iso9001.png\" \/>\n<script type=\"application\/ld+json\" class=\"yoast-schema-graph\">{\"@context\":\"https:\/\/schema.org\",\"@graph\":[{\"@type\":\"Organization\",\"@id\":\"https:\/\/www.promoco.se\/en\/#organization\",\"name\":\"Promoco Scandinavia AB\",\"url\":\"https:\/\/www.promoco.se\/en\/\",\"sameAs\":[\"https:\/\/www.facebook.com\/Promoco-Scandinavia-AB-237014483048825\/\",\"https:\/\/www.instagram.com\/promocoscandinavia\/\",\"https:\/\/www.linkedin.com\/company\/promoco-scandinavia-ab\/\",\"https:\/\/twitter.com\/promocose\"],\"logo\":{\"@type\":\"ImageObject\",\"@id\":\"https:\/\/www.promoco.se\/en\/#logo\",\"inLanguage\":\"en-US\",\"url\":\"https:\/\/www.promoco.se\/wp-content\/uploads\/2018\/10\/promoco_logo.jpg\",\"width\":600,\"height\":124,\"caption\":\"Promoco Scandinavia AB\"},\"image\":{\"@id\":\"https:\/\/www.promoco.se\/en\/#logo\"}},{\"@type\":\"WebSite\",\"@id\":\"https:\/\/www.promoco.se\/en\/#website\",\"url\":\"https:\/\/www.promoco.se\/en\/\",\"name\":\"Promoco\",\"description\":\"\",\"publisher\":{\"@id\":\"https:\/\/www.promoco.se\/en\/#organization\"},\"potentialAction\":[{\"@type\":\"SearchAction\",\"target\":\"https:\/\/www.promoco.se\/en\/?s={search_term_string}\",\"query-input\":\"required name=search_term_string\"}],\"inLanguage\":\"en-US\"},{\"@type\":\"ImageObject\",\"@id\":\"https:\/\/www.promoco.se\/en\/environment\/#primaryimage\",\"inLanguage\":\"en-US\",\"url\":\"https:\/\/www.promoco.se\/wp-content\/uploads\/2019\/05\/iso9001.png\",\"width\":258,\"height\":258},{\"@type\":\"WebPage\",\"@id\":\"https:\/\/www.promoco.se\/en\/environment\/#webpage\",\"url\":\"https:\/\/www.promoco.se\/en\/environment\/\",\"name\":\"Environment | Promoco Scandinavia AB\",\"isPartOf\":{\"@id\":\"https:\/\/www.promoco.se\/en\/#website\"},\"primaryImageOfPage\":{\"@id\":\"https:\/\/www.promoco.se\/en\/environment\/#primaryimage\"},\"datePublished\":\"2018-05-04T06:31:20+00:00\",\"dateModified\":\"2026-03-13T08:41:36+00:00\",\"description\":\"Milj\\u00f6 och kvalitet. Vi p\\u00e5 Promoco jobbar m\\u00e5linriktat p\\u00e5 att alltid erbjuda h\\u00f6gsta kvalitet efter behov och premiera milj\\u00f6v\\u00e4nliga produkter och transporter.\",\"inLanguage\":\"en-US\",\"potentialAction\":[{\"@type\":\"ReadAction\",\"target\":[\"https:\/\/www.promoco.se\/en\/environment\/\"]}]}]}<\/script>\n<!-- \/ Yoast SEO Premium plugin. -->","_links":{"self":[{"href":"https:\/\/www.promoco.se\/en\/wp-json\/wp\/v2\/pages\/1850"}],"collection":[{"href":"https:\/\/www.promoco.se\/en\/wp-json\/wp\/v2\/pages"}],"about":[{"href":"https:\/\/www.promoco.se\/en\/wp-json\/wp\/v2\/types\/page"}],"author":[{"embeddable":true,"href":"https:\/\/www.promoco.se\/en\/wp-json\/wp\/v2\/users\/6"}],"replies":[{"embeddable":true,"href":"https:\/\/www.promoco.se\/en\/wp-json\/wp\/v2\/comments?post=1850"}],"version-history":[{"count":12,"href":"https:\/\/www.promoco.se\/en\/wp-json\/wp\/v2\/pages\/1850\/revisions"}],"predecessor-version":[{"id":5915,"href":"https:\/\/www.promoco.se\/en\/wp-json\/wp\/v2\/pages\/1850\/revisions\/5915"}],"wp:attachment":[{"href":"https:\/\/www.promoco.se\/en\/wp-json\/wp\/v2\/media?parent=1850"}],"curies":[{"name":"wp","href":"https:\/\/api.w.org\/{rel}","templated":true}]}}