{"id":1842,"date":"2019-01-18T10:04:46","date_gmt":"2019-01-18T09:04:46","guid":{"rendered":"https:\/\/www.promoco.se\/?page_id=1842"},"modified":"2026-03-13T09:19:58","modified_gmt":"2026-03-13T08:19:58","slug":"about-us","status":"publish","type":"page","link":"https:\/\/www.promoco.se\/en\/about-us\/","title":{"rendered":"About us"},"content":{"rendered":"<p>[et_pb_section fb_built=&#8221;1&#8243; module_class=&#8221;gen-hero-sec gen-subpage-hero-sec gen-overlay&#8221; _builder_version=&#8221;3.5&#8243; background_image=&#8221;https:\/\/www.promoco.se\/wp-content\/uploads\/2026\/03\/Omoss.jpg&#8221; custom_padding=&#8221;0px||0px|&#8221;][et_pb_row module_class=&#8221;gen-subpage-hero-row&#8221; _builder_version=&#8221;3.2&#8243;][et_pb_column type=&#8221;4_4&#8243; _builder_version=&#8221;3.0.47&#8243; parallax=&#8221;off&#8221; parallax_method=&#8221;on&#8221;][et_pb_text admin_label=&#8221;Sidrubrik&#8221; module_class=&#8221;gen-subpage-hero-mod gen-white-text&#8221; _builder_version=&#8221;3.5&#8243;]<\/p>\n<h1>About us<\/h1>\n<p>We believe in long-term and quality-assured solutions with close relationships with our customers. Together we exceed your expectations.[\/et_pb_text][\/et_pb_column][\/et_pb_row][\/et_pb_section][et_pb_section fb_built=&#8221;1&#8243; custom_padding_last_edited=&#8221;on|desktop&#8221; module_class=&#8221;gen-subpage-first-sec&#8221; _builder_version=&#8221;3.2&#8243; custom_padding=&#8221;108px|||&#8221; custom_padding_tablet=&#8221;70px|||&#8221; custom_padding_phone=&#8221;40px|||&#8221;][et_pb_row module_class_1=&#8221;gen-no-margin-bottom &#8221; module_class=&#8221;gen-narrow-row&#8221; _builder_version=&#8221;3.2&#8243; background_size=&#8221;initial&#8221; background_position=&#8221;top_left&#8221; background_repeat=&#8221;repeat&#8221;][et_pb_column type=&#8221;4_4&#8243; _builder_version=&#8221;3.0.47&#8243; parallax=&#8221;off&#8221; parallax_method=&#8221;on&#8221; module_class=&#8221;gen-no-margin-bottom &#8220;][et_pb_text admin_label=&#8221;01 Rubrik&#8221; module_class=&#8221;gen-cta-btn gen-text-heading-mod gen-wide-left-heading&#8221; _builder_version=&#8221;3.5&#8243; text_orientation=&#8221;center&#8221;]<\/p>\n<h6>01<\/h6>\n<h5>SUCCESS<\/h5>\n<h2>The components you need to achieve the results you want<\/h2>\n<p>[\/et_pb_text][et_pb_text _builder_version=&#8221;3.5&#8243;]The name Promoco is an agglomeration of Protection, Motion and Control. We are a collaboration partner and supplier of electromechanical components and products. We are a fantastic team that works well together and has a close relationship with our customers. Good service, extensive experience and a strong team spirit are three fundamental factors on which our company has been built. Now we want to help you achieve your objective using qualitative solutions and components!<\/p>\n<p>Choosing the right component can be like fighting your way through a jungle. This is particularly true when considering factors such as operational conditions, performance, dimensions, stresses, environment, quality and logistics. Different projects have different requirements. In order to make choosing the right component for your project easier, we have a number of resources to put at your disposal. You can utilise the expertise of our skilled sales team within technology, applications and comprehensive product knowledge. Our sales team is obliging and can be reached in a number of different ways, be it by an on-site visit, telephone or e-mail. The company\u2019s head office and sales department is located in T\u00e4by, north of Stockholm, whilst our warehouse and production facility is located in Bjurs\u00e5s, Dalarna.[\/et_pb_text][\/et_pb_column][\/et_pb_row][et_pb_row custom_padding=&#8221;108px|||&#8221; custom_padding_tablet=&#8221;70px|||&#8221; custom_padding_phone=&#8221;40px|||&#8221; custom_padding_last_edited=&#8221;on|phone&#8221; module_class_1=&#8221;gen-no-margin-bottom &#8221; module_class=&#8221;gen-narrow-row&#8221; _builder_version=&#8221;3.2&#8243; background_size=&#8221;initial&#8221; background_position=&#8221;top_left&#8221; background_repeat=&#8221;repeat&#8221;][et_pb_column type=&#8221;4_4&#8243; _builder_version=&#8221;3.0.47&#8243; parallax=&#8221;off&#8221; parallax_method=&#8221;on&#8221; module_class=&#8221;gen-no-margin-bottom &#8220;][et_pb_text admin_label=&#8221;02 Rubrik&#8221; module_class=&#8221;gen-cta-btn gen-text-heading-mod gen-center-heading&#8221; _builder_version=&#8221;3.5&#8243; text_orientation=&#8221;center&#8221;]<\/p>\n<h6>02<\/h6>\n<h5>OUR VALUES<\/h5>\n<h2>Solutions that exceed our customers\u2019 expectations<\/h2>\n<p>[\/et_pb_text][et_pb_text module_class=&#8221;gen-document-link-mod&#8221; _builder_version=&#8221;3.5&#8243;]Our customers are our principal focus, and our employees are our most important resource. Through continual improvement and skills-augmenting activities, we can supply products and services that meet and, ideally, exceed our customers\u2019 expectations. With successful teamwork and world-beating producers, we can ensure that you achieve the desired results in your work![\/et_pb_text][\/et_pb_column][\/et_pb_row][\/et_pb_section]<\/p>\n","protected":false},"excerpt":{"rendered":"<p>[et_pb_section fb_built=&#8221;1&#8243; module_class=&#8221;gen-hero-sec gen-subpage-hero-sec gen-overlay&#8221; _builder_version=&#8221;3.5&#8243; background_image=&#8221;https:\/\/www.promoco.se\/wp-content\/uploads\/2026\/03\/Omoss.jpg&#8221; custom_padding=&#8221;0px||0px|&#8221;][et_pb_row module_class=&#8221;gen-subpage-hero-row&#8221; _builder_version=&#8221;3.2&#8243;][et_pb_column type=&#8221;4_4&#8243; _builder_version=&#8221;3.0.47&#8243; parallax=&#8221;off&#8221; parallax_method=&#8221;on&#8221;][et_pb_text admin_label=&#8221;Sidrubrik&#8221; module_class=&#8221;gen-subpage-hero-mod gen-white-text&#8221; _builder_version=&#8221;3.5&#8243;] About us We believe in long-term and quality-assured solutions with close relationships with our customers. Together we exceed your expectations.[\/et_pb_text][\/et_pb_column][\/et_pb_row][\/et_pb_section][et_pb_section fb_built=&#8221;1&#8243; custom_padding_last_edited=&#8221;on|desktop&#8221; module_class=&#8221;gen-subpage-first-sec&#8221; _builder_version=&#8221;3.2&#8243; custom_padding=&#8221;108px|||&#8221; custom_padding_tablet=&#8221;70px|||&#8221; custom_padding_phone=&#8221;40px|||&#8221;][et_pb_row module_class_1=&#8221;gen-no-margin-bottom &#8221; module_class=&#8221;gen-narrow-row&#8221; _builder_version=&#8221;3.2&#8243; background_size=&#8221;initial&#8221; background_position=&#8221;top_left&#8221; background_repeat=&#8221;repeat&#8221;][et_pb_column type=&#8221;4_4&#8243; _builder_version=&#8221;3.0.47&#8243; parallax=&#8221;off&#8221;<\/p>\n","protected":false},"author":6,"featured_media":0,"parent":0,"menu_order":10,"comment_status":"closed","ping_status":"closed","template":"","meta":[],"yoast_head":"<!-- This site is optimized with the Yoast SEO Premium plugin v15.1.2 - https:\/\/yoast.com\/wordpress\/plugins\/seo\/ -->\n<title>About us | Promoco Scandinavia AB<\/title>\n<meta name=\"description\" content=\"Vi p\u00e5 Promoco Scandinavia AB tror p\u00e5 l\u00e5ngsiktiga och kvalitetss\u00e4kra l\u00f6sningar med n\u00e4ra relationer till v\u00e5ra kunder. L\u00e4s mer om oss h\u00e4r!\" \/>\n<meta name=\"robots\" content=\"index, follow, max-snippet:-1, max-image-preview:large, max-video-preview:-1\" \/>\n<link rel=\"canonical\" href=\"https:\/\/www.promoco.se\/en\/about-us\/\" \/>\n<meta property=\"og:locale\" content=\"en_US\" \/>\n<meta property=\"og:type\" content=\"article\" \/>\n<meta property=\"og:title\" content=\"About us | Promoco Scandinavia AB\" \/>\n<meta property=\"og:description\" content=\"Vi p\u00e5 Promoco Scandinavia AB tror p\u00e5 l\u00e5ngsiktiga och kvalitetss\u00e4kra l\u00f6sningar med n\u00e4ra relationer till v\u00e5ra kunder. L\u00e4s mer om oss h\u00e4r!\" \/>\n<meta property=\"og:url\" content=\"https:\/\/www.promoco.se\/en\/about-us\/\" \/>\n<meta property=\"og:site_name\" content=\"Promoco\" \/>\n<meta property=\"article:publisher\" content=\"https:\/\/www.facebook.com\/Promoco-Scandinavia-AB-237014483048825\/\" \/>\n<meta property=\"article:modified_time\" content=\"2026-03-13T08:19:58+00:00\" \/>\n<meta property=\"og:image\" content=\"https:\/\/www.promoco.se\/wp-content\/uploads\/2026\/03\/Elmotor-1.jpg\" \/>\n\t<meta property=\"og:image:width\" content=\"1920\" \/>\n\t<meta property=\"og:image:height\" content=\"1080\" \/>\n<script type=\"application\/ld+json\" class=\"yoast-schema-graph\">{\"@context\":\"https:\/\/schema.org\",\"@graph\":[{\"@type\":\"Organization\",\"@id\":\"https:\/\/www.promoco.se\/en\/#organization\",\"name\":\"Promoco Scandinavia AB\",\"url\":\"https:\/\/www.promoco.se\/en\/\",\"sameAs\":[\"https:\/\/www.facebook.com\/Promoco-Scandinavia-AB-237014483048825\/\",\"https:\/\/www.instagram.com\/promocoscandinavia\/\",\"https:\/\/www.linkedin.com\/company\/promoco-scandinavia-ab\/\",\"https:\/\/twitter.com\/promocose\"],\"logo\":{\"@type\":\"ImageObject\",\"@id\":\"https:\/\/www.promoco.se\/en\/#logo\",\"inLanguage\":\"en-US\",\"url\":\"https:\/\/www.promoco.se\/wp-content\/uploads\/2018\/10\/promoco_logo.jpg\",\"width\":600,\"height\":124,\"caption\":\"Promoco Scandinavia AB\"},\"image\":{\"@id\":\"https:\/\/www.promoco.se\/en\/#logo\"}},{\"@type\":\"WebSite\",\"@id\":\"https:\/\/www.promoco.se\/en\/#website\",\"url\":\"https:\/\/www.promoco.se\/en\/\",\"name\":\"Promoco\",\"description\":\"\",\"publisher\":{\"@id\":\"https:\/\/www.promoco.se\/en\/#organization\"},\"potentialAction\":[{\"@type\":\"SearchAction\",\"target\":\"https:\/\/www.promoco.se\/en\/?s={search_term_string}\",\"query-input\":\"required name=search_term_string\"}],\"inLanguage\":\"en-US\"},{\"@type\":\"WebPage\",\"@id\":\"https:\/\/www.promoco.se\/en\/about-us\/#webpage\",\"url\":\"https:\/\/www.promoco.se\/en\/about-us\/\",\"name\":\"About us | Promoco Scandinavia AB\",\"isPartOf\":{\"@id\":\"https:\/\/www.promoco.se\/en\/#website\"},\"datePublished\":\"2019-01-18T09:04:46+00:00\",\"dateModified\":\"2026-03-13T08:19:58+00:00\",\"description\":\"Vi p\\u00e5 Promoco Scandinavia AB tror p\\u00e5 l\\u00e5ngsiktiga och kvalitetss\\u00e4kra l\\u00f6sningar med n\\u00e4ra relationer till v\\u00e5ra kunder. L\\u00e4s mer om oss h\\u00e4r!\",\"inLanguage\":\"en-US\",\"potentialAction\":[{\"@type\":\"ReadAction\",\"target\":[\"https:\/\/www.promoco.se\/en\/about-us\/\"]}]}]}<\/script>\n<!-- \/ Yoast SEO Premium plugin. -->","_links":{"self":[{"href":"https:\/\/www.promoco.se\/en\/wp-json\/wp\/v2\/pages\/1842"}],"collection":[{"href":"https:\/\/www.promoco.se\/en\/wp-json\/wp\/v2\/pages"}],"about":[{"href":"https:\/\/www.promoco.se\/en\/wp-json\/wp\/v2\/types\/page"}],"author":[{"embeddable":true,"href":"https:\/\/www.promoco.se\/en\/wp-json\/wp\/v2\/users\/6"}],"replies":[{"embeddable":true,"href":"https:\/\/www.promoco.se\/en\/wp-json\/wp\/v2\/comments?post=1842"}],"version-history":[{"count":10,"href":"https:\/\/www.promoco.se\/en\/wp-json\/wp\/v2\/pages\/1842\/revisions"}],"predecessor-version":[{"id":5901,"href":"https:\/\/www.promoco.se\/en\/wp-json\/wp\/v2\/pages\/1842\/revisions\/5901"}],"wp:attachment":[{"href":"https:\/\/www.promoco.se\/en\/wp-json\/wp\/v2\/media?parent=1842"}],"curies":[{"name":"wp","href":"https:\/\/api.w.org\/{rel}","templated":true}]}}